{"id":2,"date":"2025-03-16T09:45:17","date_gmt":"2025-03-16T09:45:17","guid":{"rendered":"https:\/\/makarwia.pl\/?page_id=2"},"modified":"2025-06-01T22:51:28","modified_gmt":"2025-06-01T22:51:28","slug":"sample-page","status":"publish","type":"page","link":"https:\/\/makarwia.pl\/","title":{"rendered":"Home"},"content":{"rendered":"\n<p>Witaj w Karwi! Zapraszamy na wypoczynek w naszym domu.<\/p>\n\n\n\n<p>Nasz dom po\u0142o\u017cony jest w spokojnej cz\u0119\u015bci centrum Karwi, zaledwie 200 m od pla\u017cy. Oferujemy komfortowe pokoje dostosowane do r\u00f3\u017cnych potrzeb:<\/p>\n\n\n\n<ul class=\"wp-block-list\">\n<li>Pok\u00f3j 2-osobowy z \u0142azienk\u0105,<\/li>\n\n\n\n<li>Pok\u00f3j 3-4 osobowy z \u0142azienk\u0105 i balkonem,<\/li>\n\n\n\n<li>Studio 2-pokojowe dla 5-6 os\u00f3b z \u0142azienk\u0105, aneksem kuchennym i balkonem.<\/li>\n<\/ul>\n\n\n\n<p>Do dyspozycji go\u015bci jest aneks kuchenny z wyposa\u017ceniem, ch\u0142odziarka, czajnik, a tak\u017ce akcesoria pla\u017cowe: parawan i koc pla\u017cowy. Na terenie obiektu znajduje si\u0119 podw\u00f3rze z trawnikiem do wypoczynku i rekreacji, miejsce na grilla oraz parking. Dodatkowo zapewniamy bezp\u0142atny internet Wi-Fi. Akceptujemy r\u00f3wnie\u017c bony turystyczne. Blisko\u015b\u0107 pla\u017cy i centrum Karwi sprawia, \u017ce to idealne miejsce na spokojny i udany wypoczynek.<\/p>\n","protected":false},"excerpt":{"rendered":"<p>Witaj w Karwi! Zapraszamy na wypoczynek w naszym domu. Nasz dom po\u0142o\u017cony jest w spokojnej cz\u0119\u015bci centrum Karwi, zaledwie 200 m od pla\u017cy. Oferujemy komfortowe pokoje dostosowane do r\u00f3\u017cnych potrzeb: Do dyspozycji go\u015bci jest aneks kuchenny z wyposa\u017ceniem, ch\u0142odziarka, czajnik, a tak\u017ce akcesoria pla\u017cowe: parawan i koc pla\u017cowy. Na terenie obiektu znajduje si\u0119 podw\u00f3rze z &hellip; <\/p>\n<p class=\"link-more\"><a href=\"https:\/\/makarwia.pl\/\" class=\"more-link\">Czytaj dalej<span class=\"screen-reader-text\"> \u201eHome\u201d<\/span><\/a><\/p>\n","protected":false},"author":1,"featured_media":0,"parent":0,"menu_order":0,"comment_status":"closed","ping_status":"open","template":"","meta":{"footnotes":""},"class_list":["post-2","page","type-page","status-publish","hentry"],"_links":{"self":[{"href":"https:\/\/makarwia.pl\/index.php?rest_route=\/wp\/v2\/pages\/2","targetHints":{"allow":["GET"]}}],"collection":[{"href":"https:\/\/makarwia.pl\/index.php?rest_route=\/wp\/v2\/pages"}],"about":[{"href":"https:\/\/makarwia.pl\/index.php?rest_route=\/wp\/v2\/types\/page"}],"author":[{"embeddable":true,"href":"https:\/\/makarwia.pl\/index.php?rest_route=\/wp\/v2\/users\/1"}],"replies":[{"embeddable":true,"href":"https:\/\/makarwia.pl\/index.php?rest_route=%2Fwp%2Fv2%2Fcomments&post=2"}],"version-history":[{"count":2,"href":"https:\/\/makarwia.pl\/index.php?rest_route=\/wp\/v2\/pages\/2\/revisions"}],"predecessor-version":[{"id":63,"href":"https:\/\/makarwia.pl\/index.php?rest_route=\/wp\/v2\/pages\/2\/revisions\/63"}],"wp:attachment":[{"href":"https:\/\/makarwia.pl\/index.php?rest_route=%2Fwp%2Fv2%2Fmedia&parent=2"}],"curies":[{"name":"wp","href":"https:\/\/api.w.org\/{rel}","templated":true}]}}